{"id":12,"date":"2025-02-17T12:36:44","date_gmt":"2025-02-17T11:36:44","guid":{"rendered":"https:\/\/kos.waw.pl\/?page_id=12"},"modified":"2025-02-17T12:36:44","modified_gmt":"2025-02-17T11:36:44","slug":"kontakt","status":"publish","type":"page","link":"https:\/\/kos.waw.pl\/?page_id=12","title":{"rendered":"Kontakt"},"content":{"rendered":"\n<p>Strona z podstawowymi informacjami kontaktowymi, takimi jak adres, numer telefonu. Mo\u017cna tak\u017ce spr\u00f3bowa\u0107 wtyczki, za pomoc\u0105 kt\u00f3rej dodamy formularz kontaktowy.<\/p>\n\n<p>Utw\u00f3rz <a href=\"https:\/\/kos.waw.pl\/wp-admin\/admin.php?page=wpforms-overview\" target=\"_blank\" rel=\"noopener noreferrer\">formularz kontaktowy<\/a> w kilka minut przy u\u017cyciu wtyczki WPForms.<\/p>\n","protected":false},"excerpt":{"rendered":"<p>Strona z podstawowymi informacjami kontaktowymi, takimi jak adres, numer telefonu. Mo\u017cna tak\u017ce spr\u00f3bowa\u0107 wtyczki, za pomoc\u0105 kt\u00f3rej dodamy formularz kontaktowy. Utw\u00f3rz formularz kontaktowy w kilka minut przy u\u017cyciu wtyczki WPForms.<\/p>\n","protected":false},"author":1,"featured_media":0,"parent":0,"menu_order":0,"comment_status":"closed","ping_status":"closed","template":"","meta":{"_themeisle_gutenberg_block_has_review":false,"footnotes":""},"class_list":["post-12","page","type-page","status-publish","hentry"],"_links":{"self":[{"href":"https:\/\/kos.waw.pl\/index.php?rest_route=\/wp\/v2\/pages\/12","targetHints":{"allow":["GET"]}}],"collection":[{"href":"https:\/\/kos.waw.pl\/index.php?rest_route=\/wp\/v2\/pages"}],"about":[{"href":"https:\/\/kos.waw.pl\/index.php?rest_route=\/wp\/v2\/types\/page"}],"author":[{"embeddable":true,"href":"https:\/\/kos.waw.pl\/index.php?rest_route=\/wp\/v2\/users\/1"}],"replies":[{"embeddable":true,"href":"https:\/\/kos.waw.pl\/index.php?rest_route=%2Fwp%2Fv2%2Fcomments&post=12"}],"version-history":[{"count":1,"href":"https:\/\/kos.waw.pl\/index.php?rest_route=\/wp\/v2\/pages\/12\/revisions"}],"predecessor-version":[{"id":18,"href":"https:\/\/kos.waw.pl\/index.php?rest_route=\/wp\/v2\/pages\/12\/revisions\/18"}],"wp:attachment":[{"href":"https:\/\/kos.waw.pl\/index.php?rest_route=%2Fwp%2Fv2%2Fmedia&parent=12"}],"curies":[{"name":"wp","href":"https:\/\/api.w.org\/{rel}","templated":true}]}}